{"id":17773,"date":"2018-09-13T17:29:43","date_gmt":"2018-09-13T15:29:43","guid":{"rendered":"http:\/\/www.glgroup.it\/?page_id=17773\/"},"modified":"2021-02-12T17:57:08","modified_gmt":"2021-02-12T16:57:08","slug":"cookie-policy","status":"publish","type":"page","link":"https:\/\/www.trionica.it\/en\/cookie-policy\/","title":{"rendered":"Cookie Policy"},"content":{"rendered":"<p>[vc_row css_animation=&#8221;&#8221; row_type=&#8221;row&#8221; use_row_as_full_screen_section=&#8221;no&#8221; type=&#8221;grid&#8221; angled_section=&#8221;no&#8221; text_align=&#8221;left&#8221; background_image_as_pattern=&#8221;without_pattern&#8221; padding_top=&#8221;30&#8243; padding_bottom=&#8221;0&#8243;][vc_column][vc_column_text]<\/p>\n<h3 style=\"text-align: left;\"><span style=\"color: #031d38;\"><strong>COOKIE POLICY<\/strong><\/span><\/h3>\n<p>[\/vc_column_text][vc_separator type=&#8221;small&#8221; position=&#8221;left&#8221; color=&#8221;#a92021&#8243; thickness=&#8221;4&#8243; up=&#8221;10&#8243; down=&#8221;25&#8243;][\/vc_column][\/vc_row][vc_row css_animation=&#8221;element_from_left&#8221; row_type=&#8221;row&#8221; use_row_as_full_screen_section=&#8221;no&#8221; type=&#8221;grid&#8221; angled_section=&#8221;no&#8221; text_align=&#8221;left&#8221; background_image_as_pattern=&#8221;without_pattern&#8221; padding_top=&#8221;30&#8243; padding_bottom=&#8221;30&#8243;][vc_column][vc_column_text]<strong>COOKIE POLICY<\/strong><\/p>\n<p>&nbsp;<\/p>\n<p><strong>POLITICA SUI COOKIES GENERALI<\/strong><\/p>\n<p><strong>fabless.it<\/strong> utilizza cookies propri e di propri partner al fine di migliorare l\u2019esperienza utente del proprio sito e per raccogliere informazioni a scopo pubblicitario e di personalizzazione dei contenuti attraverso l\u2019analisi delle abitudini di navigazione degli utenti. Ai fini della propria privacy, \u00e8 importante ricordare che nei cookie di <strong>fabless.it<\/strong>\u00a0non vengono mai memorizzate informazioni personali o protette da privacy.<\/p>\n<p>&nbsp;<\/p>\n<p><strong>COSA SONO I COOKIES<\/strong><\/p>\n<p>I cookies sono piccoli file di testo che vengono archiviati dal browser (ad esempio Internet Explorer, Chrome, Firefox, Safari) sul vostro computer o dispositivo mobile.<\/p>\n<p>I cookies permettono ai siti web di archiviare alcune informazioni relative al sito che si sta visitando, in modo, ad esempio, di riconoscere un utente e comportarsi appropriatamente.<\/p>\n<p>&nbsp;<\/p>\n<p><strong>CONSENSO ALL\u2019UTILIZZO DEI COOKIE<\/strong><\/p>\n<p>Per i cookie tecnici, il consenso dell\u2019utente non \u00e8 necessario.<\/p>\n<p>Per i cookie di profilazione, sia di <strong>fabless.it<\/strong>\u00a0che di terze parti, \u00e8 invece necessario il consenso dell\u2019utente.<\/p>\n<p>Alla prima visita su <strong>fabless.it<\/strong> il sito mostra in modo evidente un testo di informativa breve relativo al consenso sull\u2019utilizzo dei cookie.<\/p>\n<p>Se l\u2019utente esce dal sito senza fare clic su qualsiasi suo elemento, o se fa clic sul link \u201cMaggiori informazioni\u201d presente nell\u2019informativa breve e che porta a questa pagina, l\u2019utente non ha dato il suo consenso ai cookie non tecnici, che pertanto non vengono installati<\/p>\n<p>Nel caso invece l\u2019utente faccia clic su \u201cok\u201d o continui la navigazione del sito (facendo clic su qualsiasi suo elemento), l\u2019utente d\u00e0 il suo consenso all\u2019utilizzo dei cookie.<\/p>\n<p>&nbsp;<\/p>\n<p><strong>COOKIES UTILIZZATI<\/strong><\/p>\n<p><strong>fabless.it<\/strong>\u00a0utilizza le seguenti tipologie di Cookies:<\/p>\n<p>a) Cookie tecnici;<\/p>\n<p>b) Cookie di sessione;<\/p>\n<p>c) Cookie di statistica anonimi;<\/p>\n<p>d) Cookie di profilazione;<\/p>\n<p>e) Cookie di pubblicit\u00e0;<\/p>\n<p>f) Cookie di remarketing e behavioural retargeting;<\/p>\n<p>g) Cookie di statistica in forma aggregata;<\/p>\n<p>e) Cookie di social networks;<\/p>\n<p>&nbsp;<\/p>\n<p>Tutti i cookie tecnici non richiedono consenso, perci\u00f2 vengono installati automaticamente a seguito dell\u2019accesso al sito.<\/p>\n<p>&nbsp;<\/p>\n<p><strong>COOKIES TECNICI<\/strong><\/p>\n<p>&nbsp;<\/p>\n<p><strong><em>Cookies di sessione<\/em><\/strong><\/p>\n<p>&nbsp;<\/p>\n<p>Senza questi cookie non \u00e8 possibile utilizzare completamente il sito in quanto consentono di effettuare il login.<\/p>\n<p>&nbsp;<\/p>\n<p>Domini: <strong>fabless.it<\/strong><\/p>\n<p>&nbsp;<\/p>\n<p><strong><em>Cookies di statistica anonimi<\/em><\/strong><\/p>\n<p>&nbsp;<\/p>\n<p>Al fine di migliorare il sito internet, utilizziamo Google Analytics con IP anonimizzato, un servizio di analisi del traffico web fornito da Google, Inc. (\u201cGoogle\u201d), per raccogliere informazioni (anonime) su come gli utenti utilizzano il sito. Ad esempio, quali pagine visita, quante pagine visualizza, ecc.<\/p>\n<p>&nbsp;<\/p>\n<p>Si tratta di un cookie di terze parti, appunto di Google.<\/p>\n<p>&nbsp;<\/p>\n<p>Sono definiti anonimi in quanto non possono essere utilizzati per identificare individui specifici.<\/p>\n<p>&nbsp;<\/p>\n<p>Tali informazioni vengono raccolte da Google Analytics, che le elabora allo scopo di redigere report riguardanti le attivit\u00e0 sui siti web stessi. Questo sito non utilizza (e non consente a terzi di utilizzare) lo strumento di analisi di Google per monitorare o per raccogliere informazioni personali di identificazione.<\/p>\n<p>&nbsp;<\/p>\n<p>Google non assocer\u00e0 il vostro indirizzo IP a nessun altro dato posseduto da Google stessa. I termini di servizio ai quali tutti i clienti del programma devono aderire, vietano il monitoraggio o la raccolta di informazioni personali (dati di identificazione personale, come ad esempio nome, indirizzo email, dati di fatturazione o altri dati che possono essere ragionevolmente collegati a tali informazioni) mediante l\u2019uso di Google Analytics o l\u2019associazione di queste alle informazioni sull\u2019analisi dei dati web.<\/p>\n<p>&nbsp;<\/p>\n<p><em>Google Analytics<\/em><\/p>\n<p>&nbsp;<\/p>\n<p>Google Analytics \u00e8 un servizio di analisi web fornito da Google Inc. (\u201cGoogle\u201d). Google utilizza i Dati Personali raccolti allo scopo di tracciare ed esaminare l\u2019utilizzo di questa Applicazione, compilare report e condividerli con gli altri servizi sviluppati da Google.<\/p>\n<p>Google potrebbe utilizzare i Dati Personali per contestualizzare e personalizzare gli annunci del proprio network pubblicitario.<\/p>\n<p>Questa integrazione di Google Analytics rende anonimo il tuo indirizzo IP. L\u2019anonimizzazione funziona abbreviando l\u2019indirizzo IP degli Utenti.<\/p>\n<p>&nbsp;<\/p>\n<p>Dati personali raccolti: Cookie e Dati di utilizzo<\/p>\n<p>Luogo del trattamento: USA<\/p>\n<p>Privacy policy: https:\/\/www.google.com\/intl\/it\/policies\/privacy\/<\/p>\n<p>Opt-Out: https:\/\/tools.google.com\/dlpage\/gaoptout?hl=it<\/p>\n<p>&nbsp;<\/p>\n<p><strong>COOKIES DI PROFILAZIONE<\/strong><\/p>\n<p>&nbsp;<\/p>\n<p><strong><em>Pubblicit\u00e0<\/em><\/strong><\/p>\n<p>&nbsp;<\/p>\n<p>Questi servizi consentono di utilizzare i Dati dell\u2019Utente per finalit\u00e0 di comunicazione commerciale in diverse forme pubblicitarie, quali il banner, anche in relazione agli interessi dell\u2019Utente.<\/p>\n<p>Ci\u00f2 non significa che tutti i Dati Personali vengano utilizzati per questa finalit\u00e0. Dati e condizioni di utilizzo sono indicati di seguito.<\/p>\n<p>Alcuni dei servizi di seguito indicati potrebbero utilizzare Cookie per identificare l\u2019Utente o utilizzare la tecnica del behavioral retargeting, ossia visualizzare annunci pubblicitari personalizzati in base agli interessi e al comportamento dell\u2019Utente, rilevati anche al di fuori di questa Applicazione. Per avere maggiori informazioni in merito, ti suggeriamo di verificare le informative privacy dei rispettivi servizi.<\/p>\n<p>&nbsp;<\/p>\n<p><strong><em>Statistica<\/em><\/strong><\/p>\n<p>&nbsp;<\/p>\n<p>I servizi contenuti nella presente sezione permettono al Titolare del Trattamento di monitorare e analizzare i dati di traffico e servono a tener traccia del comportamento dell\u2019Utente.<\/p>\n<p>&nbsp;<\/p>\n<p>Google Analytics rientra nei cookie di statistica anonimi in quanto viene utilizato con IP anonimizzato.<\/p>\n<p>&nbsp;<\/p>\n<p>&nbsp;<\/p>\n<p><em>Google Fonts (Google Inc.)<\/em><\/p>\n<p>&nbsp;<\/p>\n<p>Google Fonts \u00e8 un servizio di visualizzazione di stili di carattere gestito da Google Inc. che permette a questa Applicazione di integrare tali contenuti all\u2019interno delle proprie pagine.<\/p>\n<p>&nbsp;<\/p>\n<p>Dati personali raccolti: Cookie e Dati di utilizzo.<\/p>\n<p>Luogo del trattamento : USA<\/p>\n<p>Privacy Policy: http:\/\/www.google.it\/intl\/en\/policies\/privacy\/<\/p>\n<p>&nbsp;<\/p>\n<p>&nbsp;<\/p>\n<p>&nbsp;<\/p>\n<p><em>Widget Google Maps (Google Inc.)<\/em><\/p>\n<p>&nbsp;<\/p>\n<p>Google Maps \u00e8 un servizio di visualizzazione di mappe gestito da Google Inc. che permette a questa Applicazione di integrare tali contenuti all\u2019interno delle proprie pagine.<\/p>\n<p>&nbsp;<\/p>\n<p>Dati personali raccolti: Cookie e Dati di utilizzo.<\/p>\n<p>Luogo del trattamento : USA<\/p>\n<p>Privacy Policy: <a href=\"http:\/\/www.google.it\/intl\/it\/policies\/privacy\/\">http:\/\/www.google.it\/intl\/it\/policies\/privacy\/<\/a><\/p>\n<p>&nbsp;<\/p>\n<p>&nbsp;<\/p>\n<p><strong>DURATA DEI COOKIES<\/strong><\/p>\n<p>I cookie usati da <strong>fabless.it<\/strong> hanno una durata massima non superiore ai 12 mesi, come stabilito dal provvedimento del Garante della Privacy 229\/2014. Per i cookie di terze parti si rimanda alle loro policy, indicate sopra.<\/p>\n<p>&nbsp;<\/p>\n<p><strong>GESTIONE DEI COOKIES<\/strong><\/p>\n<p>L\u2019utente pu\u00f2 decidere se accettare o meno i cookie utilizzando le impostazioni del proprio browser.<\/p>\n<p>&nbsp;<\/p>\n<p>Attenzione: la disabilitazione totale o parziale dei cookie tecnici pu\u00f2 compromettere l\u2019utilizzo delle funzionalit\u00e0 del sito riservate agli utenti registrati. Al contrario, la fruibilit\u00e0 dei contenuti pubblici \u00e8 possibile anche disabilitando completamente i cookie.<\/p>\n<p>&nbsp;<\/p>\n<p>L\u2019impostazione pu\u00f2 essere definita in modo specifico per i diversi siti e applicazioni web. Inoltre i migliori browser consentono di definire impostazioni diverse per i cookie \u201cproprietari\u201d e per quelli di \u201cterze parti\u201d.<\/p>\n<p>&nbsp;<\/p>\n<p>A titolo di esempio, in Firefox, attraverso il menu Strumenti-&gt;Opzioni -&gt;Privacy, \u00e8 possibile accedere ad un pannello di controllo dove \u00e8 possibile definire se accettare o meno i diversi tipi di cookie e procedere alla loro rimozione.<\/p>\n<p>&nbsp;<\/p>\n<p>\u2013 Chrome: https:\/\/support.google.com\/chrome\/answer\/95647?hl=it<\/p>\n<p>&nbsp;<\/p>\n<p>\u2013 Firefox: https:\/\/support.mozilla.org\/it\/kb\/Gestione%20dei%20cookie<\/p>\n<p>&nbsp;<\/p>\n<p>\u2013 Internet Explorer: http:\/\/windows.microsoft.com\/it-it\/windows7\/how-to-manage-cookies-in-internet-explorer-9<\/p>\n<p>&nbsp;<\/p>\n<p>\u2013 Opera: http:\/\/help.opera.com\/Windows\/10.00\/it\/cookies.html<\/p>\n<p>&nbsp;<\/p>\n<p>\u2013 Safari: http:\/\/support.apple.com\/kb\/HT1677?viewlocale=it_IT<\/p>\n<p>&nbsp;<\/p>\n<p><strong>DISATTIVAZIONE SELETTIVA DEI COOKIE DI PROFILAZIONE<\/strong><\/p>\n<p>Per disattivare selettivamente i cookie di profilazione si pu\u00f2 fare riferimento alle relative pagine di opt-out riportate, oppure \u00e8 possibile fare riferimento al sito http:\/\/youronlinechoices.com\/ dove \u00e8 possibile disattivare selettivamente i cookie di profilazione.[\/vc_column_text][\/vc_column][\/vc_row]<\/p>\n","protected":false},"excerpt":{"rendered":"<p>[vc_row css_animation=&#8221;&#8221; row_type=&#8221;row&#8221; use_row_as_full_screen_section=&#8221;no&#8221; type=&#8221;grid&#8221; angled_section=&#8221;no&#8221; text_align=&#8221;left&#8221; background_image_as_pattern=&#8221;without_pattern&#8221; padding_top=&#8221;30&#8243; padding_bottom=&#8221;0&#8243;][vc_column][vc_column_text] COOKIE POLICY [\/vc_column_text][vc_separator type=&#8221;small&#8221; position=&#8221;left&#8221; color=&#8221;#a92021&#8243; thickness=&#8221;4&#8243; up=&#8221;10&#8243; down=&#8221;25&#8243;][\/vc_column][\/vc_row][vc_row css_animation=&#8221;element_from_left&#8221; row_type=&#8221;row&#8221; use_row_as_full_screen_section=&#8221;no&#8221; type=&#8221;grid&#8221; angled_section=&#8221;no&#8221; text_align=&#8221;left&#8221; background_image_as_pattern=&#8221;without_pattern&#8221; padding_top=&#8221;30&#8243; padding_bottom=&#8221;30&#8243;][vc_column][vc_column_text]COOKIE POLICY &nbsp; POLITICA SUI COOKIES GENERALI fabless.it utilizza cookies propri e di propri partner al fine di&#8230;<\/p>\n","protected":false},"author":6,"featured_media":0,"parent":0,"menu_order":0,"comment_status":"closed","ping_status":"closed","template":"full_width.php","meta":[],"_links":{"self":[{"href":"https:\/\/www.trionica.it\/en\/wp-json\/wp\/v2\/pages\/17773"}],"collection":[{"href":"https:\/\/www.trionica.it\/en\/wp-json\/wp\/v2\/pages"}],"about":[{"href":"https:\/\/www.trionica.it\/en\/wp-json\/wp\/v2\/types\/page"}],"author":[{"embeddable":true,"href":"https:\/\/www.trionica.it\/en\/wp-json\/wp\/v2\/users\/6"}],"replies":[{"embeddable":true,"href":"https:\/\/www.trionica.it\/en\/wp-json\/wp\/v2\/comments?post=17773"}],"version-history":[{"count":4,"href":"https:\/\/www.trionica.it\/en\/wp-json\/wp\/v2\/pages\/17773\/revisions"}],"predecessor-version":[{"id":18566,"href":"https:\/\/www.trionica.it\/en\/wp-json\/wp\/v2\/pages\/17773\/revisions\/18566"}],"wp:attachment":[{"href":"https:\/\/www.trionica.it\/en\/wp-json\/wp\/v2\/media?parent=17773"}],"curies":[{"name":"wp","href":"https:\/\/api.w.org\/{rel}","templated":true}]}}