{"id":17761,"date":"2018-09-13T16:09:39","date_gmt":"2018-09-13T14:09:39","guid":{"rendered":"http:\/\/www.glgroup.it\/?page_id=17761\/"},"modified":"2021-02-12T17:49:39","modified_gmt":"2021-02-12T16:49:39","slug":"privacy-policy","status":"publish","type":"page","link":"https:\/\/www.trionica.it\/en\/privacy-policy\/","title":{"rendered":"Privacy Policy"},"content":{"rendered":"<p>[vc_row css_animation=&#8221;&#8221; row_type=&#8221;row&#8221; use_row_as_full_screen_section=&#8221;no&#8221; type=&#8221;grid&#8221; angled_section=&#8221;no&#8221; text_align=&#8221;left&#8221; background_image_as_pattern=&#8221;without_pattern&#8221; padding_top=&#8221;30&#8243; padding_bottom=&#8221;0&#8243;][vc_column][vc_column_text]<\/p>\n<h3 style=\"text-align: left;\"><span style=\"color: #031d38;\"><strong>PRIVACY POLICY<\/strong><\/span><\/h3>\n<p>[\/vc_column_text][vc_separator type=&#8221;small&#8221; position=&#8221;left&#8221; color=&#8221;#a92021&#8243; thickness=&#8221;4&#8243; up=&#8221;10&#8243; down=&#8221;25&#8243;][\/vc_column][\/vc_row][vc_row css_animation=&#8221;element_from_left&#8221; row_type=&#8221;row&#8221; use_row_as_full_screen_section=&#8221;no&#8221; type=&#8221;grid&#8221; angled_section=&#8221;no&#8221; text_align=&#8221;left&#8221; background_image_as_pattern=&#8221;without_pattern&#8221; padding_top=&#8221;30&#8243; padding_bottom=&#8221;30&#8243;][vc_column][vc_column_text]Il sito <strong>www.fabless.it<\/strong> rispetta e tutela la privacy dei propri utenti (di seguito, gli \u201cUtenti\u201d).<\/p>\n<p>Al fine di rafforzare la fiducia dei nostri utenti, ed anche ai sensi dell\u2019art. 13 del Regolamento <em>General Data Protection Regulation<\/em> 2016\/679, rilasciamo l\u2019informativa relativa al trattamento dei dati personali eventualmente forniti dagli utenti che interagiscono con i servizi web di <strong>Consorzio Fabless Sistema Italia<\/strong> a partire dall\u2019indirizzo <strong>www.fabless.it<\/strong> (di seguito, il \u201cSito\u201d).<\/p>\n<p>La presente informativa \u00e8 relativa esclusivamente all\u2019eventuale trattamento dei dati personali da te comunicati o altrimenti ottenuti da <strong>www.fabless.it<\/strong> per effetto del tuo utilizzo del Sito. Specifiche informative sulla privacy verranno riportate o visualizzate nelle pagine del sito predisposte alla fornitura di particolari servizi a richiesta.<\/p>\n<p>Ti preghiamo inoltre di leggere la sezione \u201c<em>Cookie Policy\u201d<\/em>, che contiene dettagliate informazioni in materia.<\/p>\n<p>&nbsp;<\/p>\n<p><strong>Titolare del trattamento<\/strong><\/p>\n<p>Il Titolare del trattamento dei dati personali relativi agli utenti del Sito \u00e8 <strong>Consorzio Fabless Sistema Italia<\/strong>\u00a0con sede in Roma, Viale della Grande Muraglia 284, 00144 \u2013 Roma (RM), Partita IVA 04580261008 e C.F. 05735000639, iscrizione Registro Imprese di Roma.<\/p>\n<p><em>Consorzio Fabless Sistema Italia<\/em> (di seguito <strong>Fabless<\/strong>), decide in modo autonomo sulle finalit\u00e0 e sulle modalit\u00e0 del trattamento, nonch\u00e9 sulle procedure di sicurezza da applicare per garantire la riservatezza, l\u2019integrit\u00e0 e la disponibilit\u00e0 dei dati.<\/p>\n<p>Per qualunque chiarimento, domanda o esigenza legata alla tua privacy e al trattamento dei tuoi dati personali puoi contattarci in qualunque momento inviando una richiesta al nostro Servizio Clienti \u2013 Tel: +39 06 97 85 9009 \u2013 Fax: +39 06 52 90 668 \u2013 Email: <a href=\"mailto:info@fabless.it\">info@fabless.it<\/a><\/p>\n<p>&nbsp;<\/p>\n<p><strong>Responsabile della protezione dei dati (DPO)<\/strong><\/p>\n<p>\u201cNUOVO REGOLAMENTO UE PER LA PROTEZIONE DEI DATI: designato il responsabile per la protezione dei dati personali Il 25 maggio 2018 \u00e8 entrato in vigore il Regolamento generale per la protezione dei dati (Regolamento UE 2016\/679 del 27 aprile 2016).<\/p>\n<p>In relazione all&#8217;introduzione della nuova normativa la nostra Azienda ha provveduto a nominare il responsabile della protezione dei dati personali (Rpd). Con determina n. 20180052620 del 12\/09\/2018 , la societ\u00e0 Saltech s.r.l., con DPO referente Valerio Pollastrini, \u00e8 stata designata responsabile della protezione dei dati personali (Rpd), ai sensi dell&#8217;art. 37 del regolamento UE 2016\/679.<\/p>\n<p>Gli interessati possono rivolgersi al Rpd per l\u2019esercizio dei diritti previsti dal predetto regolamento, artt. da 12 a 21, utilizzando i seguenti recapiti di posta elettronica:<\/p>\n<p><a href=\"mailto:privacy@saltech.it\">privacy@saltech.it<\/a><\/p>\n<p><a href=\"mailto:valeriopollastrini@cgn.legalmail.it\">valeriopollastrini@cgn.legalmail.it<\/a><\/p>\n<p>&nbsp;<\/p>\n<p><strong>Responsabili del Trattamento<\/strong><\/p>\n<p>Unici responsabili del trattamento dei dati sono la <strong>Fabless<\/strong>\u00a0per l\u2019elaborazione e la 1&amp;1 Internet SE per l\u2019archiviazione.<\/p>\n<p>&nbsp;<\/p>\n<p><strong>Luogo di trattamento dei dati<\/strong><\/p>\n<p>I dati degli utenti internet verranno trattati direttamente presso la sede di Roma, a cura esclusiva degli incaricati del trattamento o da eventuali incaricati di occasionali operazioni di manutenzione. I dati sono memorizzati su server localizzati fisicamente presso il fornitore di servizi hosting 1&amp;1 Internet SE (Germania).<\/p>\n<p>&nbsp;<\/p>\n<p><strong>Comunicazione dei Dati a Terzi<\/strong><\/p>\n<p>I dati trattati potranno essere comunicati a societ\u00e0 controllate da <strong>Fabless<\/strong>\u00a0o ad essa collegate, a consulenti esterni, a terzi che collaborano con <strong>Fabless<\/strong> per la gestione\/manutenzione del Sito e\/o per la fornitura dei servizi web, a societ\u00e0 risultanti dalle cessioni e\/o fusioni e\/o acquisizioni riguardanti <strong>Fabless<\/strong><strong>.<\/strong><\/p>\n<p>&nbsp;<\/p>\n<p><strong>Finalit\u00e0 e modalit\u00e0 del trattamento dei dati<\/strong><\/p>\n<p>I dati sono raccolti ed utilizzati per consentire la navigazione sul Sito nonch\u00e9 per finalit\u00e0 statistiche.<\/p>\n<p>I dati personali forniti dagli utenti che inoltrano richieste di servizi o richiedono informazioni sono utilizzati al solo fine di eseguire tali servizi, o le prestazioni richieste, nonch\u00e9 di replicare a tali richieste di informazioni.<\/p>\n<p>&nbsp;<\/p>\n<p><strong>Tipi di dati trattati<\/strong><\/p>\n<p>I dati personali che <strong>Fabless<\/strong> tratta sono quelli che ci fornisci quando utilizzi il form di Contatto, e quelli che raccogliamo mentre navighi o usi i servizi offerti su <strong>www.fabless.it<\/strong>. <em>Fabless<\/em> pu\u00f2 quindi raccogliere dati su di te come ad esempio nome e cognome (o ragione sociale) e indirizzo email, come conseguenza dell\u2019inserimento volontario nel form di Contatto, oltre che i dati di navigazione.<\/p>\n<p>I tuoi dati sono trattati per le seguenti finalit\u00e0:<\/p>\n<p><u>Dati personali<\/u><\/p>\n<p>\u2013 Gestire le tue richieste inoltrate al nostro Servizio Clienti<\/p>\n<p><u>Dati di navigazione<\/u><\/p>\n<p>I sistemi informatici e le procedure software preposte al funzionamento di questo sito web acquisiscono, nel corso del loro normale esercizio alcuni dati personali la cui trasmissione \u00e8 implicita nell\u2019uso dei protocolli di comunicazione di internet. Si tratta di informazioni che non sono raccolte per essere associate a interessati identificati, ma che per loro stessa natura potrebbero, attraverso elaborazioni ed associazioni con dati detenuti da terzi, permettere di identificare gli utenti. In questa categoria di dati rientrano gli indirizzi IP o i nomi a dominio dei computer utilizzati dagli utenti che si connettono al sito, gli indirizzi in notazione URI (Uniform Resource Identifier) delle risorse richieste, l\u2019orario della richiesta, il metodo utilizzato nel sottoporre la richiesta al server, la dimensione del file ottenuto in risposta, il codice numerico indicante lo stato della risposta data dal server (es. buon fine, errore, ecc.) ed altri parametri relativi al sistema operativo e all\u2019ambiente informatico dell\u2019utente. Questi dati vengono utilizzati al solo fine di ricavare informazioni statistiche anonime sull\u2019uso del sito e per controllarne il corretto funzionamento e vengono cancellati immediatamente dopo l\u2019elaborazione. I dati potrebbero essere utilizzati per l\u2019accertamento di responsabilit\u00e0 in caso di ipotetici reati informatici ai danni del sito.<\/p>\n<p><u>Dati forniti volontariamente dall\u2019utente<\/u><\/p>\n<p>L\u2019invio facoltativo, esplicito e volontario di dati nei moduli web o di posta elettronica agli indirizzi indicati su questo sito comporta la successiva acquisizione dell\u2019indirizzo del mittente, necessario per rispondere alle richieste, nonch\u00e9 degli eventuali altri dati personali inseriti nella missiva.<\/p>\n<p>&nbsp;<\/p>\n<p><strong>Cookies<\/strong><\/p>\n<p>I cookies consistono in registrazioni informatiche di informazioni trasmesse da un web server al computer dell\u2019utente per la futura identificazione di tale computer al momento di future visite sullo stesso sito web. I cookies contribuiscono a facilitare l\u2019analisi del traffico su web e consentono alle applicazioni web di inviare informazioni a singoli utenti. Con riferimento esclusivo agli Utenti del Sito non registrati:<\/p>\n<p>a) nessun dato degli utenti viene in proposito acquisito dal Sito;<\/p>\n<p>b) non viene fatto uso di cookies per la trasmissione di informazioni di carattere personale, n\u00e9 vengono utilizzati c.d. cookies persistenti di alcun tipo, ovvero sistemi per il tracciamento degli utenti.<\/p>\n<p>I c.d. cookies di sessione utilizzati in questo Sito evitano il ricorso ad altre tecniche informatiche potenzialmente pregiudizievoli per la riservatezza della navigazione degli utenti e non consentono l\u2019acquisizione di dati personali identificativi dell\u2019utente. In qualsiasi momento l\u2019utente potr\u00e0 cancellare i cookies dal proprio sistema, con modalit\u00e0 diverse a seconda del browser utilizzato.<\/p>\n<p>Con riferimento agli Utenti del sito registrati, La invitiamo a consultare la specifica Informativa Privacy di <strong>Fabless<\/strong>\u00a0per conoscere in che modo vengono utilizzati i cookies.<\/p>\n<p>&nbsp;<\/p>\n<p><strong>Facoltativit\u00e0 del conferimento dei dati<\/strong><\/p>\n<p>A parte quanto specificato per i dati di navigazione, l\u2019utente \u00e8 libero di fornire i dati personali per richiedere il ricontatto da parte di <strong>Fabless<\/strong>. Il loro mancato conferimento pu\u00f2 comportare l\u2019impossibilit\u00e0 di ottenere il servizio richiesto.<\/p>\n<p>&nbsp;<\/p>\n<p><strong>Modalit\u00e0 di trattamento dei dati<\/strong><\/p>\n<p>Il trattamento viene effettuato attraverso strumenti automatizzati (ad es. utilizzando procedure e supporti elettronici) e\/o manualmente (ad es. su supporto cartaceo) per il tempo strettamente necessario a conseguire gli scopi per i quali i dati sono stati raccolti e, comunque, in conformit\u00e0 alle disposizioni normative vigenti in materia. Specifiche misure di sicurezza sono osservate per prevenire la perdita dei dati, usi illeciti o non corretti ed accessi non autorizzati.<\/p>\n<p>&nbsp;<\/p>\n<p><strong>Comunicazione dei dati a terzi<\/strong><\/p>\n<p>I dati trattati potranno essere comunicati a societ\u00e0 controllate da <strong>Fabless<\/strong>\u00a0o ad essa collegate, a consulenti esterni, a terzi che collaborano con <strong>Fabless<\/strong>\u00a0per la gestione\/manutenzione del Sito e\/o per la fornitura dei servizi web, a societ\u00e0 risultanti dalle cessioni e\/o fusioni e\/o acquisizioni riguardanti <strong>Fabless<\/strong>.<\/p>\n<p>&nbsp;<\/p>\n<p><strong>Diritti degli interessati (art. 7 del d.Lgs 196\/03)<\/strong><\/p>\n<p>I soggetti cui si riferiscono i dati personali hanno il diritto in qualunque momento di ottenere la conferma dell\u2019esistenza o meno dei medesimi dati e di conoscerne il contenuto e l\u2019origine, verificarne l\u2019esattezza o chiederne l\u2019integrazione o l\u2019aggiornamento, oppure la rettificazione. Ai sensi del medesimo articolo si ha il diritto di chiedere la cancellazione, la trasformazione in forma anonima o il blocco dei dati trattati in violazione di legge, nonch\u00e9 di opporsi in ogni caso, per motivi legittimi, al loro trattamento. Le richieste vanno indirizzate a <strong>Fabless<\/strong>\u00a0utilizzando i contatti sopra indicati.<\/p>\n<p>&nbsp;<\/p>\n<p><strong>Link ad altri siti web e banner<\/strong><\/p>\n<p>La presente informativa privacy si riferisce esclusivamente al Sito. Il nostro Sito contiene collegamenti a siti web di terze parti, sui quali <strong>Fabless<\/strong>\u00a0non ha alcuna forma di controllo (al riguardo si consiglia di prendere visione delle Condizioni di utilizzo del Sito). <strong>Fabless<\/strong>\u00a0non sar\u00e0 dunque in alcun modo responsabile per il trattamento dei dati personali che gli utenti eventualmente forniranno durante la navigazione su tali siti.<\/p>\n<p>All\u2019interno del Sito potranno comparire annunci pubblicitari o informazioni commerciali relative a terzi (societ\u00e0 o persone fisiche) (c.d. banner). <strong>Fabless<\/strong>\u00a0non ha alcun controllo su tali banner e sul trattamento dei dati personali eventualmente effettuato dagli inserzionisti terzi.<\/p>\n<p>&nbsp;<\/p>\n<p><strong>Consenso<\/strong><\/p>\n<p>Utilizzando questo sito internet, l\u2019utente presta il suo consenso al trattamento dei propri dati, secondo quanto previsto dalla presente Informativa. Qualora l\u2019utente non intenda prestare il proprio consenso al trattamento, dovr\u00e0 immediatamente cessare la navigazione sul Sito. La continuazione della navigazione sul Sito equivarr\u00e0 a tutti gli effetti alla prestazione di consenso al trattamento.<\/p>\n<p>&nbsp;<\/p>\n<p><strong>Aggiornamenti dell\u2019Informativa<\/strong><\/p>\n<p><strong>Fabless<\/strong>\u00a0potr\u00e0 apportare cambiamenti alla presente Informativa, assicurando in ogni caso il tempestivo aggiornamento della presente pagina internet e consentendo l\u2019accesso alle varie versioni succedutesi nel tempo, consultabili al medesimo indirizzo.[\/vc_column_text][\/vc_column][\/vc_row]<\/p>\n","protected":false},"excerpt":{"rendered":"<p>[vc_row css_animation=&#8221;&#8221; row_type=&#8221;row&#8221; use_row_as_full_screen_section=&#8221;no&#8221; type=&#8221;grid&#8221; angled_section=&#8221;no&#8221; text_align=&#8221;left&#8221; background_image_as_pattern=&#8221;without_pattern&#8221; padding_top=&#8221;30&#8243; padding_bottom=&#8221;0&#8243;][vc_column][vc_column_text] PRIVACY POLICY [\/vc_column_text][vc_separator type=&#8221;small&#8221; position=&#8221;left&#8221; color=&#8221;#a92021&#8243; thickness=&#8221;4&#8243; up=&#8221;10&#8243; down=&#8221;25&#8243;][\/vc_column][\/vc_row][vc_row css_animation=&#8221;element_from_left&#8221; row_type=&#8221;row&#8221; use_row_as_full_screen_section=&#8221;no&#8221; type=&#8221;grid&#8221; angled_section=&#8221;no&#8221; text_align=&#8221;left&#8221; background_image_as_pattern=&#8221;without_pattern&#8221; padding_top=&#8221;30&#8243; padding_bottom=&#8221;30&#8243;][vc_column][vc_column_text]Il sito www.fabless.it rispetta e tutela la privacy dei propri utenti (di seguito, gli \u201cUtenti\u201d). Al fine di&#8230;<\/p>\n","protected":false},"author":6,"featured_media":0,"parent":0,"menu_order":0,"comment_status":"closed","ping_status":"closed","template":"full_width.php","meta":[],"_links":{"self":[{"href":"https:\/\/www.trionica.it\/en\/wp-json\/wp\/v2\/pages\/17761"}],"collection":[{"href":"https:\/\/www.trionica.it\/en\/wp-json\/wp\/v2\/pages"}],"about":[{"href":"https:\/\/www.trionica.it\/en\/wp-json\/wp\/v2\/types\/page"}],"author":[{"embeddable":true,"href":"https:\/\/www.trionica.it\/en\/wp-json\/wp\/v2\/users\/6"}],"replies":[{"embeddable":true,"href":"https:\/\/www.trionica.it\/en\/wp-json\/wp\/v2\/comments?post=17761"}],"version-history":[{"count":4,"href":"https:\/\/www.trionica.it\/en\/wp-json\/wp\/v2\/pages\/17761\/revisions"}],"predecessor-version":[{"id":18564,"href":"https:\/\/www.trionica.it\/en\/wp-json\/wp\/v2\/pages\/17761\/revisions\/18564"}],"wp:attachment":[{"href":"https:\/\/www.trionica.it\/en\/wp-json\/wp\/v2\/media?parent=17761"}],"curies":[{"name":"wp","href":"https:\/\/api.w.org\/{rel}","templated":true}]}}